{"id":14548,"date":"2025-11-13T14:23:28","date_gmt":"2025-11-13T14:23:28","guid":{"rendered":"https:\/\/massagehouse.hu\/en\/?page_id=14548"},"modified":"2025-11-13T14:23:42","modified_gmt":"2025-11-13T14:23:42","slug":"zoe","status":"publish","type":"page","link":"https:\/\/massagehouse.hu\/en\/erotic-masseuses\/zoe\/","title":{"rendered":"Zo\u00e9"},"content":{"rendered":"<p><!-- Masseuse site start --><\/p>\n<p><!-- Profie picture and details --><\/p>\n<div class=\"row\">\n<div class=\"col-12 col-lg-3 text-center mt-3 mb-3 mt-lg-5 mb-lg-0 order-lg-1 order-1\">\r\n\t<img decoding=\"async\" class=\"img-fluid rounded-circle mb-2 no-lazyload\" src=\"https:\/\/massagehouse.hu\/en\/galleries\/masseuses\/zoe\/200x200\/\" srcset=\"https:\/\/massagehouse.hu\/en\/galleries\/masseuses\/zoe\/200x200\/ 1x, https:\/\/massagehouse.hu\/en\/galleries\/masseuses\/zoe\/400x400\/ 2x, https:\/\/massagehouse.hu\/en\/galleries\/masseuses\/zoe\/600x600\/ 3x\" alt=\"\" title=\"\" itemprop=\"image\">\r\n\t<h1 class=\"text-uppercase font-weight-bold\">test<\/h1>\r\n<\/div>\r\n<div class=\"col-12 col-lg-3 order-lg-5 order-2 mb-3 mb-lg-0\">\r\n\t<div class=\"d-flex flex-row justify-content-center mb-2 mh-star-rating\"><div class=\"star empty-star\"><\/div>\r\n<div class=\"star empty-star\"><\/div>\r\n<div class=\"star empty-star\"><\/div>\r\n<div class=\"star empty-star\"><\/div><\/div>\r\n\t<p class=\"text-center h5\"><strong>0<\/strong> - based on <span><\/span> reviews<\/p>\r\n<\/div>\n<div class=\"col-12 col-lg-3 mt-3 mb-3 mt-lg-5 mb-lg-5 order-lg-2 order-6\">\n<div class=\"mb-4 text-center d-none d-sm-block\"><img class=\"lazyload\" alt=\"Details icon, shows the masseuse's details\" width=\"64\" height=\"64\" data-src=\"\/en\/wp-content\/themes\/massage-house\/assets\/en\/masseuse-profile\/details-icon.svg\" \/><\/div>\n<h2 class=\"pb-2 h4 text-uppercase font-weight-bold text-center\">Details<\/h2>\n<div class=\"row text-center border border-light bg-light no-gutters\">\r\n\t<div class=\"col-3 text-black text-uppercase border-0 pt-2 pb-2\">\r\n\t\t<h3 class=\"mh-h6 mb-0 font-weight-bold\">Age<\/h3>\r\n\t<\/div>\r\n\t<div class=\"col-3 text-black text-uppercase border-left border-light pt-2 pb-2\">\r\n\t\t<h3 class=\"mh-h6 mb-0 font-weight-bold\">Weight<\/h3>\r\n\t<\/div>\r\n\t<div class=\"col-3 text-black text-uppercase border-left border-light pt-2 pb-2\">\r\n\t\t<h3 class=\"mh-h6 mb-0 font-weight-bold\">Height<\/h3>\r\n\t<\/div>\r\n\t<div class=\"col-3 text-black text-uppercase border-left border-light pt-2 pb-2\">\r\n\t\t<h3 class=\"mh-h6 mb-0 font-weight-bold\">English<\/h3>\r\n\t<\/div>\r\n<\/div>\r\n<div class=\"row text-center border border-light border-top-0 mb-5 no-gutters\">\r\n\t<div class=\"col-3 border-0 pt-2 pb-2\"><p class=\"mb-0 mh-h6\">2006<\/p><\/div>\r\n\t<div class=\"col-3 border-light border-left pt-2 pb-2\"><p class=\"mb-0 mh-h6\">50<\/p><\/div>\r\n\t<div class=\"col-3 border-light border-left pt-2 pb-2\"><p class=\"mb-0 mh-h6\">165<\/p><\/div>\r\n\t<div class=\"col-3 border-light border-left pt-2 pb-2\"><p class=\"mb-0 mh-h6\"><\/p><\/div>\r\n<\/div>\r\n\n<\/div>\n<p><!-- Booking Now --><\/p>\n<div class=\"col-12 col-lg-3 text-center order-lg-6 order-4 mb-4 mb-lg-0\">\n<h2 class=\"h3 text-uppercase font-weight-bold d-block d-sm-none mb-3\">Booking now:<\/h2>\n<div class=\"d-flex flex-row justify-content-center align-items-center\"><img class=\"mr-2 lazyload\" alt=\"Mail icon, which assigned the email address\" width=\"40\" height=\"40\" data-src=\"\/en\/wp-content\/themes\/massage-house\/assets\/en\/masseuse-profile\/masseuse-profile-email-icon.svg\" \/><br \/>\n<a id=\"masseuse-mail-en\" class=\"contact-link text-white h5 font-weight-bold\" title=\"Massage House's email address\" href=\"mailto:info@massagehouse.hu\" target=\"_blank\" rel=\"noopener noreferrer\">info@massagehouse.hu<\/a><\/div>\n<\/div>\n<p><!-- Description Desktop --><\/p>\n<div class=\"col-12 col-lg-3 mt-3 mb-3 mt-lg-5 mb-lg-5 order-last order-lg-3 d-none d-sm-block\">\n<div class=\"mb-4 text-center\"><img class=\"lazyload\" alt=\"Description icon, which indicates the description of the masseuse\" width=\"64\" height=\"64\" data-src=\"\/en\/wp-content\/themes\/massage-house\/assets\/en\/masseuse-profile\/description-icon.svg\" \/><\/div>\n<h2 class=\"h4 pb-2 text-uppercase font-weight-bold text-center\">Description<\/h2>\n<p class=\"mh-h6 text-justify\">New masseuse!<\/p>\n<\/div>\n<p><!-- Phone number --><\/p>\n<div class=\"col-12 col-lg-3 text-center order-lg-7 order-5 mb-4 mb-sm-auto\">\n<div class=\"d-flex flex-row justify-content-center align-items-center\"><img class=\"mr-2 lazyload\" alt=\"Phone icon, it indicates the phone number\" width=\"40\" height=\"40\" data-src=\"\/en\/wp-content\/themes\/massage-house\/assets\/en\/masseuse-profile\/masseuse-profile-phone-icon.svg\" \/><br \/>\n<a id=\"masseuse-phone-en\" class=\"contact-link text-white h5 font-weight-bold\" title=\"Massage House's phone number\" href=\"tel:+36305758784\" target=\"_blank\" rel=\"noopener noreferrer\">+36 30 575 8784<\/a><\/div>\n<\/div>\n<p><!-- Available programs --><\/p>\n<div class=\"col-12 col-lg-3 mt-3 mb-3 mt-lg-5 mb-lg-5 order-lg-4 order-5 px-3\">\n<div class=\"mb-4 text-center d-none d-sm-block\"><img class=\"lazyload\" alt=\"Optional programs, which shows which programs the masseuse offers\" width=\"64\" height=\"64\" data-src=\"\/en\/wp-content\/themes\/massage-house\/assets\/en\/masseuse-profile\/available-programs-icon.svg\" \/><\/div>\n<h2 class=\"h4 pb-2 text-uppercase font-weight-bold text-center\">Available programs<\/h2>\n<table class=\"table table-bordered text-white h5 font-weight-normal text-center\">\r\n\t<thead class=\"thead-light text-black\">\r\n\t<tr>\r\n\t    <th class=\"p-0\" scope=\"col\">\r\n            <a href=\"#\" title=\"Erotic massage with one masseuse\" class=\"text-reset\">\r\n                <div class=\"egy-masszoz\"><\/div>\r\n            <\/a>\r\n        <\/th>\r\n\t\t<th class=\"p-0\" scope=\"col\">\r\n            <a href=\"#\" title=\"Erotic massage with two masseuses\" class=\"text-reset\">\r\n                <div class=\"ket-masszoz\"><\/div>\r\n            <\/a>\r\n        <\/th>\r\n\t\t<th class=\"p-0\" scope=\"col\">\r\n            <a href=\"#\" title=\"Erotic couple massage with one masseuse\" class=\"text-reset\">\r\n                <div class=\"parok-egy-masszoz\"><\/div>\r\n            <\/a>\r\n        <\/th>\r\n\t\t<th class=\"p-0\" scope=\"col\">\r\n            <a href=\"#\" title=\"Erotic couple massage with two masseuses\" class=\"text-reset\">\r\n                <div class=\"parok-ket-masszoz\"><\/div>\r\n            <\/a>\r\n        <\/th>\r\n\t\t<th class=\"p-0\" scope=\"col\">\r\n            <a href=\"#\" title=\"Yoni massage for woman\" class=\"text-reset\">\r\n                <div class=\"joni-masszazs\"><\/div>\r\n            <\/a>\r\n        <\/th>\r\n\t<\/tr>\r\n<\/thead>\r\n<tbody>\r\n\t<tr>\r\n\t\t<td class=\"px-0\"><a href=\"#\" title=\"Erotic massage with one masseuses\" class=\"text-reset\"><div class=\"elerheto-program\"><\/div><\/a><\/td>\r\n\t\t<td class=\"px-0\"><a href=\"#\" title=\"Erotic massage with two masseuses\" class=\"text-reset\"><div class=\"nem-elerheto-program\"><\/div><\/a><\/td>\r\n\t\t<td class=\"px-0\"><a href=\"#\" title=\"Erotic couple massage with one masseuse\" class=\"text-reset\"><div class=\"elerheto-program\"><\/div><\/a><\/td>\r\n\t\t<td class=\"px-0\"><a href=\"#\" title=\"Erotic couple massage with two masseuses\" class=\"text-reset\"><div class=\"nem-elerheto-program\"><\/div><\/a><\/td>\r\n\t\t<td class=\"px-0\"><a href=\"#\" title=\"Yoni massage for woman\" class=\"text-reset\"><div class=\"nem-elerheto-program\"><\/div><\/a><\/td>\r\n\t<\/tr>\r\n<\/tbody>\r\n\r\n<\/table>\n<\/div>\n<p><!-- Booking Now --><\/p>\n<div class=\"col-12 col-lg-3 text-center order-lg-8 order-3 mb-4 mb-lg-0 d-none d-sm-block\"><button id=\"masseuse-bookingbutton-en\" class=\"btn btn-secondary btn-lg rounded-0 text-reset\" data-toggle=\"modal\" data-target=\"#profile-modal\">Booking now<\/button><\/div>\n<\/div>\n<p><!-- Massage Gallery Pictures --><br \/>\n<div class=\"row mt-5 mb-5 row-cols-1 row-cols-sm-2 row-cols-md-3 row-cols-lg-3 row-cols-xl-4 row-cols-xxl-4 row-cols-xxxl-5  mw-1840 ml-auto mr-auto justify-content-end mh-girl\" data-token=\"3PVN72DEDQ\" id=\"massage_gallery_3PVN72DEDQ\">\r\n\t\r\n<\/div><\/p>\n<p><!-- Description Mobile --><\/p>\n<div class=\"row d-block d-sm-none\">\n<div class=\"col-12 mb-5\">\n<div class=\"mb-4 text-center\"><img class=\"lazyload\" alt=\"Description icon, which indicates the description of the masseuse\" width=\"64\" height=\"64\" data-src=\"\/en\/wp-content\/themes\/massage-house\/assets\/en\/masseuse-profile\/description-icon.svg\" \/><\/div>\n<h2 class=\"h4 pb-2 text-uppercase font-weight-bold text-center\">Description<\/h2>\n<p class=\"mh-h6 text-justify\">>New masseuse!<\/p>\n<\/div>\n<\/div>\n<p><!-- Reviews --><br \/>\n<!-- \n\n\n<div class=\"row\">\n\n\n<div class=\"col-12 mb-5\">\n\n\n<h2 class=\"text-uppercase font-weight-bold text-center\">Reviews<\/h2>\n\n\n<\/div>\n\n\n<\/div>\n\n\n\n\n<div class=\"row mw-1000 mx-auto\">\n\n\n<div class=\"col-12 mh-testimonals-container\">\n\n\n<blockquote>\n\n\n<p class=\"h5 text-center px-0 pt-5 px-lg-5 pt-lg-5 pb-lg-5 ml-lg-5 mr-lg-5\">You are my muse, Aletta. Your sensual full body massage, with the slippery extra and erotic massage are more mind blowing than I have ever expected. Thank you for your services dear Tattooed Masseuse, you were absolutely amazing.<\/p>\n\n\n<cite class=\"text-center pl-2 pr-2 pl-lg-5 pr-lg-5 mt-lg-n5\">Magnus<\/cite><\/blockquote>\n\n\n<\/div>\n\n\n--><br \/>\n<!-- Masseuse site end --><\/p>\n<p><!-- Innent\u0151l Triszt\u00e1nt k\u00e9rdezni, hogy micsoda??? --><\/p>\n<div id=\"profile-modal\" class=\"modal\" tabindex=\"-1\" role=\"dialog\">\n<div class=\"modal-dialog text-white modal-lg modal-dialog-centered\" role=\"document\">\n<div class=\"modal-content\">\n<div class=\"modal-header bg-dark border-bottom-0\">\n<h5 class=\"modal-title text-center text-uppercase font-weight-bold mx-auto pt-2\">Booking now<\/h5>\n<p class=\"mb-0\"><button class=\"close text-danger\" type=\"button\" data-dismiss=\"modal\" aria-label=\"Close\"><span class=\"h2 font-weight-bold\" aria-hidden=\"true\">\u00d7<\/span><\/button><\/p>\n<\/div>\n<div class=\"modal-body bg-secondary\">\n<div class=\"container-fluid\">\n<div class=\"row \">\n<div class=\"col-6 text-center mt-4 mb-4\">\n<div class=\"btn btn-secondary p-3\" style=\"width: 205px;\"><a id=\"masseuse-bookingpopup-mail-en\" class=\"text-reset\" title=\"Massage House's email address\" href=\"mailto:info@massagehouse.hu\" target=\"_blank\" rel=\"noopener noreferrer\"><img class=\"mb-3 lazyload\" alt=\"Mail icon, which assigned the email address\" width=\"60\" height=\"60\" data-src=\"\/en\/wp-content\/themes\/massage-house\/assets\/en\/masseuse-profile\/masseuse-profile-email-icon.svg\" \/><br \/>\n<\/a><\/p>\n<h2 class=\"text-uppercase h3 mb-3 font-weight-bold\"><a id=\"masseuse-bookingpopup-mail-en\" class=\"text-reset\" title=\"Massage House's email address\" href=\"mailto:info@massagehouse.hu\" target=\"_blank\" rel=\"noopener noreferrer\">E-mail<br \/>\n<\/a><\/h2>\n<p><a id=\"masseuse-bookingpopup-mail-en\" class=\"contact-link text-white h5 font-weight-bold\" title=\"Massage House's email address\" href=\"mailto:info@massagehouse.hu\" target=\"_blank\" rel=\"noopener noreferrer\">info@massagehouse.hu<\/a><\/p>\n<\/div>\n<\/div>\n<div class=\"col-6 text-center mt-4 mb-4\">\n<div class=\"btn btn-secondary p-3\" style=\"width: 205px;\">\n<p><a id=\"masseuse-bookingpopup-phone-en\" class=\"text-reset\" title=\"Massage House's phone number\" href=\"tel:+36305758784\" target=\"_blank\" rel=\"noopener noreferrer\"><img class=\"mb-3 lazyload\" alt=\"Phone icon, it indicates the phone number\" width=\"60\" height=\"60\" data-src=\"\/en\/wp-content\/themes\/massage-house\/assets\/en\/masseuse-profile\/masseuse-profile-phone-icon.svg\" \/><\/a><\/p>\n<h2 class=\"text-uppercase h3 mb-3 font-weight-bold\"><a id=\"masseuse-bookingpopup-phone-en\" class=\"text-reset\" title=\"Massage House's phone number\" href=\"tel:+36305758784\" target=\"_blank\" rel=\"noopener noreferrer\">Phone<\/a><\/h2>\n<p><a id=\"masseuse-bookingpopup-phone-en\" class=\"contact-link text-white h5 font-weight-bold\" title=\"Massage House's phone number\" href=\"tel:+36305758784\" target=\"_blank\" rel=\"noopener noreferrer\">+36 30 575 8784<\/a><\/p>\n<\/div>\n<\/div>\n<\/div>\n<\/div>\n<\/div>\n<\/div>\n<\/div>\n<\/div>\n","protected":false},"excerpt":{"rendered":"<p>Details Booking now: info@massagehouse.hu Description New masseuse! +36 30 575 8784 Available programs Booking now Description >New masseuse! Booking now \u00d7 E-mail info@massagehouse.hu Phone +36 30 575 8784<\/p>\n","protected":false},"author":2,"featured_media":0,"parent":8,"menu_order":0,"comment_status":"closed","ping_status":"closed","template":"","meta":{"footnotes":""},"class_list":["post-14548","page","type-page","status-publish","hentry"],"_links":{"self":[{"href":"https:\/\/massagehouse.hu\/en\/wp-json\/wp\/v2\/pages\/14548","targetHints":{"allow":["GET"]}}],"collection":[{"href":"https:\/\/massagehouse.hu\/en\/wp-json\/wp\/v2\/pages"}],"about":[{"href":"https:\/\/massagehouse.hu\/en\/wp-json\/wp\/v2\/types\/page"}],"author":[{"embeddable":true,"href":"https:\/\/massagehouse.hu\/en\/wp-json\/wp\/v2\/users\/2"}],"replies":[{"embeddable":true,"href":"https:\/\/massagehouse.hu\/en\/wp-json\/wp\/v2\/comments?post=14548"}],"version-history":[{"count":1,"href":"https:\/\/massagehouse.hu\/en\/wp-json\/wp\/v2\/pages\/14548\/revisions"}],"predecessor-version":[{"id":14551,"href":"https:\/\/massagehouse.hu\/en\/wp-json\/wp\/v2\/pages\/14548\/revisions\/14551"}],"up":[{"embeddable":true,"href":"https:\/\/massagehouse.hu\/en\/wp-json\/wp\/v2\/pages\/8"}],"wp:attachment":[{"href":"https:\/\/massagehouse.hu\/en\/wp-json\/wp\/v2\/media?parent=14548"}],"curies":[{"name":"wp","href":"https:\/\/api.w.org\/{rel}","templated":true}]}}