{"id":13535,"date":"2023-07-08T10:48:44","date_gmt":"2023-07-08T10:48:44","guid":{"rendered":"https:\/\/massagehouse.hu\/en\/?page_id=13535"},"modified":"2023-10-24T08:44:08","modified_gmt":"2023-10-24T08:44:08","slug":"sarah","status":"publish","type":"page","link":"https:\/\/massagehouse.hu\/en\/erotic-masseuses\/sarah\/","title":{"rendered":"Sarah"},"content":{"rendered":"<div class=\"alert alert-success mt-3 text-center\" role=\"alert\"><span style=\"color: red; font-weight: bold;\">COVID-19 INFO:<\/span> <strong>IGEN, NYITVA VAGYUNK!<\/strong> A jelenlegi korl\u00e1toz\u00e1sok ideje alatt is nyitva tartunk <strong>minden nap<\/strong>.<\/div>\n<h1 class=\"text-uppercase text-center mt-2\">Sarah<\/h1>\n<h2 class=\"text-center text-mh-green\">Sarah&#8217;s erotic massage<\/h2>\n<div class=\"container\">\n<div class=\"row\">\n<div class=\"col-md-8\">\n<div class=\"row mt-5 mb-5 ml-auto mr-auto\" data-token=\"KUIYLN87X2\" id=\"massage_gallery_KUIYLN87X2\">\r\n\t<div class=\"text-center ml-auto mr-auto\">\r\n<picture>\r\n\t\t\t\r\n\t\t\t<source srcset=\"https:\/\/massagehouse.hu\/en\/galleries\/image-content\/400x400\/erotic-massage-budapest-face-of-the-massage-house.webp 1x, https:\/\/massagehouse.hu\/en\/galleries\/image-content\/600x600\/erotic-massage-budapest-face-of-the-massage-house.webp 2x\" type=\"image\/webp\"\/>\r\n\t\t\t<source srcset=\"https:\/\/massagehouse.hu\/en\/galleries\/image-content\/400x400\/erotic-massage-budapest-face-of-the-massage-house.jpg 1x, https:\/\/massagehouse.hu\/en\/galleries\/image-content\/600x600\/erotic-massage-budapest-face-of-the-massage-house.jpg 2x\" type=\"image\/jpg\"\/>\r\n\t\t\t\r\n\r\n\t\t\t<img decoding=\"async\" fetchpriority=\"high\" class=\"img-fluid\" width=\"400\" height=\"400\" src=\"https:\/\/massagehouse.hu\/en\/galleries\/image-content\/400x400\/erotic-massage-budapest-face-of-the-massage-house.jpg\" srcset=\"https:\/\/massagehouse.hu\/en\/galleries\/image-content\/400x400\/erotic-massage-budapest-face-of-the-massage-house.jpg 1x, https:\/\/massagehouse.hu\/en\/galleries\/image-content\/600x600\/erotic-massage-budapest-face-of-the-massage-house.jpg 2x\" alt=\"The best Erotic massage at Budapest - happy ending, lingam, tantra, body to body - beautiful Hungarian masseuses\" title=\"\">\r\n            \r\n<\/picture>      \r\n\t\r\n<\/div>\r\n\r\n\r\n\r\n<\/div>\n<h3 class=\"text-center\">Looking for Sarah?<\/h3>\n<p class=\"text-center h3\">Unfortunately, she is no longer available.<\/p>\n<p class=\"text-center h3\">However, it\u2019s worth looking around among our current masseuses to see if you can find someone else you like.<\/p>\n<div class=\"row\"><!-- Mindig l\u00e1tsz\u00f3 kis k\u00e9pek--><br \/>\n<!-- INNENT\u0150L -->\r\n\r\n\r\n\t<div class=\"col-auto text-center ml-auto mr-auto pr-5px pl-5px mb-2 mh-girl-container\">\r\n\t\t<div class=\"ml-1 mr-1\">\r\n\t\t\t<a class=\"text-reset mh-zoom\" href=\"https:\/\/massagehouse.hu\/en\/erotic-masseuses\/nicky\/\" title=\"Sexy, blonde, big silicone tits - Nicky\">\r\n\t\t\t\t<picture>\r\n\t\t<!-- ITT K\u00c9NE KEZD\u0150DJ\u00d6N A PICTURE -->\r\n\t\t\t\t\t<source srcset=\"https:\/\/massagehouse.hu\/en\/galleries\/homepage\/150x225\/nicky-mh-7.webp 1x, https:\/\/massagehouse.hu\/en\/galleries\/homepage\/300x450\/nicky-mh-7.webp 2x\" type=\"image\/webp\" \/>\r\n\t\t\t\t\t<source srcset=\"https:\/\/massagehouse.hu\/en\/galleries\/homepage\/150x225\/nicky-mh-7.jpg 1x, https:\/\/massagehouse.hu\/en\/galleries\/homepage\/300x450\/nicky-mh-7.jpg 2x\" type=\"image\/jpg\"\/>\r\n\t\t\t\t\t<!-- ??? -->\r\n\t\t\t\t\t<img decoding=\"async\"  fetchpriority=\"high\" class=\"img-fluid\" \r\n\t\t               src=\"https:\/\/massagehouse.hu\/en\/galleries\/homepage\/150x225\/nicky-mh-7.jpg\" \r\n\t\t                srcset=\"https:\/\/massagehouse.hu\/en\/galleries\/homepage\/150x225\/nicky-mh-7.jpg 1x, https:\/\/massagehouse.hu\/en\/galleries\/homepage\/300x450\/nicky-mh-7.jpg 2x\"\r\n\t\t                alt=\"Massage with blonde sexy masseuse.\" title=\"Sexy, blonde, big silicone tits - Nicky\"  \/>\r\n\t\t\t\t<\/picture>     \r\n\t\t\t \r\n\t\t\t<\/a>\r\n\t\t<div class=\"bg-dark pt-1 pb-1 mb-0\">\r\n\t\t\t<h5 class=\"text-uppercase mb-0\"><a class=\"text-reset\" href=\"https:\/\/massagehouse.hu\/en\/erotic-masseuses\/nicky\/\" title=\"Sexy, blonde, big silicone tits - Nicky\" ><span>NICKY<\/span><\/a><\/h5>\r\n\t\t<\/div>\r\n\t\t<\/div>\r\n\t<\/div>\r\n\r\n<!-- ID\u00c1IG -->\r\n\r\n\r\n\r\n<br \/>\n<!-- INNENT\u0150L -->\r\n\r\n\r\n\t<div class=\"col-auto text-center ml-auto mr-auto pr-5px pl-5px mb-2 mh-girl-container\">\r\n\t\t<div class=\"ml-1 mr-1\">\r\n\t\t\t<a class=\"text-reset mh-zoom\" href=\"https:\/\/massagehouse.hu\/en\/erotic-masseuses\/natasa\/\" title=\"Natasa is a beautiful, sexy, hungarian erotic tantric masseuse.\">\r\n\t\t\t\t<picture>\r\n\t\t<!-- ITT K\u00c9NE KEZD\u0150DJ\u00d6N A PICTURE -->\r\n\t\t\t\t\t<source srcset=\"https:\/\/massagehouse.hu\/en\/galleries\/homepage\/150x225\/natasa-sensual-massage-01.webp 1x, https:\/\/massagehouse.hu\/en\/galleries\/homepage\/300x450\/natasa-sensual-massage-01.webp 2x\" type=\"image\/webp\" \/>\r\n\t\t\t\t\t<source srcset=\"https:\/\/massagehouse.hu\/en\/galleries\/homepage\/150x225\/natasa-sensual-massage-01.jpg 1x, https:\/\/massagehouse.hu\/en\/galleries\/homepage\/300x450\/natasa-sensual-massage-01.jpg 2x\" type=\"image\/jpg\"\/>\r\n\t\t\t\t\t<!-- ??? -->\r\n\t\t\t\t\t<img decoding=\"async\"  fetchpriority=\"high\" class=\"img-fluid\" \r\n\t\t               src=\"https:\/\/massagehouse.hu\/en\/galleries\/homepage\/150x225\/natasa-sensual-massage-01.jpg\" \r\n\t\t                srcset=\"https:\/\/massagehouse.hu\/en\/galleries\/homepage\/150x225\/natasa-sensual-massage-01.jpg 1x, https:\/\/massagehouse.hu\/en\/galleries\/homepage\/300x450\/natasa-sensual-massage-01.jpg 2x\"\r\n\t\t                alt=\"Sexy, beautiful, hungarian erotic masseuse.\" title=\"Natasa is a beautiful, sexy, hungarian erotic tantric masseuse.\"  \/>\r\n\t\t\t\t<\/picture>     \r\n\t\t\t \r\n\t\t\t<\/a>\r\n\t\t<div class=\"bg-dark pt-1 pb-1 mb-0\">\r\n\t\t\t<h5 class=\"text-uppercase mb-0\"><a class=\"text-reset\" href=\"https:\/\/massagehouse.hu\/en\/erotic-masseuses\/natasa\/\" title=\"Natasa is a beautiful, sexy, hungarian erotic tantric masseuse.\" ><span>NATASA<\/span><\/a><\/h5>\r\n\t\t<\/div>\r\n\t\t<\/div>\r\n\t<\/div>\r\n\r\n<!-- ID\u00c1IG -->\r\n\r\n\r\n\r\n<br \/>\n<!-- INNENT\u0150L -->\r\n\r\n\r\n\t<div class=\"col-auto text-center ml-auto mr-auto pr-5px pl-5px mb-2 mh-girl-container\">\r\n\t\t<div class=\"ml-1 mr-1\">\r\n\t\t\t<a class=\"text-reset mh-zoom\" href=\"https:\/\/massagehouse.hu\/en\/erotic-masseuses\/colette\/\" title=\"Erotic massage in Budapest with the beautiful, brunette masseuse - Colette.\">\r\n\t\t\t\t<picture>\r\n\t\t<!-- ITT K\u00c9NE KEZD\u0150DJ\u00d6N A PICTURE -->\r\n\t\t\t\t\t<source srcset=\"https:\/\/massagehouse.hu\/en\/galleries\/homepage\/150x225\/colette-sexy-certifitied-erotic-hungarian-masseuse-01.webp 1x, https:\/\/massagehouse.hu\/en\/galleries\/homepage\/300x450\/colette-sexy-certifitied-erotic-hungarian-masseuse-01.webp 2x\" type=\"image\/webp\" \/>\r\n\t\t\t\t\t<source srcset=\"https:\/\/massagehouse.hu\/en\/galleries\/homepage\/150x225\/colette-sexy-certifitied-erotic-hungarian-masseuse-01.jpg 1x, https:\/\/massagehouse.hu\/en\/galleries\/homepage\/300x450\/colette-sexy-certifitied-erotic-hungarian-masseuse-01.jpg 2x\" type=\"image\/jpg\"\/>\r\n\t\t\t\t\t<!-- ??? -->\r\n\t\t\t\t\t<img decoding=\"async\"  fetchpriority=\"high\" class=\"img-fluid\" \r\n\t\t               src=\"https:\/\/massagehouse.hu\/en\/galleries\/homepage\/150x225\/colette-sexy-certifitied-erotic-hungarian-masseuse-01.jpg\" \r\n\t\t                srcset=\"https:\/\/massagehouse.hu\/en\/galleries\/homepage\/150x225\/colette-sexy-certifitied-erotic-hungarian-masseuse-01.jpg 1x, https:\/\/massagehouse.hu\/en\/galleries\/homepage\/300x450\/colette-sexy-certifitied-erotic-hungarian-masseuse-01.jpg 2x\"\r\n\t\t                alt=\"Brunette, certified massause in Budapest.\" title=\"Erotic massage in Budapest with the beautiful, brunette masseuse - Colette.\"  \/>\r\n\t\t\t\t<\/picture>     \r\n\t\t\t \r\n\t\t\t<\/a>\r\n\t\t<div class=\"bg-dark pt-1 pb-1 mb-0\">\r\n\t\t\t<h5 class=\"text-uppercase mb-0\"><a class=\"text-reset\" href=\"https:\/\/massagehouse.hu\/en\/erotic-masseuses\/colette\/\" title=\"Erotic massage in Budapest with the beautiful, brunette masseuse - Colette.\" ><span>COLETTE<\/span><\/a><\/h5>\r\n\t\t<\/div>\r\n\t\t<\/div>\r\n\t<\/div>\r\n\r\n<!-- ID\u00c1IG -->\r\n\r\n\r\n\r\n<br \/>\n<!-- INNENT\u0150L -->\r\n\r\n\r\n\t<div class=\"col-auto text-center ml-auto mr-auto pr-5px pl-5px mb-2 mh-girl-container\">\r\n\t\t<div class=\"ml-1 mr-1\">\r\n\t\t\t<a class=\"text-reset mh-zoom\" href=\"https:\/\/massagehouse.hu\/en\/erotic-masseuses\/lisbeth\/\" title=\"Her slim body and nuru massage expertise will definitely enchant you.\">\r\n\t\t\t\t<picture>\r\n\t\t<!-- ITT K\u00c9NE KEZD\u0150DJ\u00d6N A PICTURE -->\r\n\t\t\t\t\t<source srcset=\"https:\/\/massagehouse.hu\/en\/galleries\/homepage\/150x225\/lisbeth-extrem-tattooed-erotic-masseuse-02.webp 1x, https:\/\/massagehouse.hu\/en\/galleries\/homepage\/300x450\/lisbeth-extrem-tattooed-erotic-masseuse-02.webp 2x\" type=\"image\/webp\" \/>\r\n\t\t\t\t\t<source srcset=\"https:\/\/massagehouse.hu\/en\/galleries\/homepage\/150x225\/lisbeth-extrem-tattooed-erotic-masseuse-02.jpg 1x, https:\/\/massagehouse.hu\/en\/galleries\/homepage\/300x450\/lisbeth-extrem-tattooed-erotic-masseuse-02.jpg 2x\" type=\"image\/jpg\"\/>\r\n\t\t\t\t\t<!-- ??? -->\r\n\t\t\t\t\t<img decoding=\"async\"  fetchpriority=\"high\" class=\"img-fluid\" \r\n\t\t               src=\"https:\/\/massagehouse.hu\/en\/galleries\/homepage\/150x225\/lisbeth-extrem-tattooed-erotic-masseuse-02.jpg\" \r\n\t\t                srcset=\"https:\/\/massagehouse.hu\/en\/galleries\/homepage\/150x225\/lisbeth-extrem-tattooed-erotic-masseuse-02.jpg 1x, https:\/\/massagehouse.hu\/en\/galleries\/homepage\/300x450\/lisbeth-extrem-tattooed-erotic-masseuse-02.jpg 2x\"\r\n\t\t                alt=\"Tattooed girl, the goddess of nuru massage: Lisbeth\" title=\"Her slim body and nuru massage expertise will definitely enchant you.\"  \/>\r\n\t\t\t\t<\/picture>     \r\n\t\t\t \r\n\t\t\t<\/a>\r\n\t\t<div class=\"bg-dark pt-1 pb-1 mb-0\">\r\n\t\t\t<h5 class=\"text-uppercase mb-0\"><a class=\"text-reset\" href=\"https:\/\/massagehouse.hu\/en\/erotic-masseuses\/lisbeth\/\" title=\"Her slim body and nuru massage expertise will definitely enchant you.\" ><span>LISBETH<\/span><\/a><\/h5>\r\n\t\t<\/div>\r\n\t\t<\/div>\r\n\t<\/div>\r\n\r\n<!-- ID\u00c1IG -->\r\n\r\n\r\n\r\n<\/div>\n<div class=\"row\"><!-- BUTTON --><br \/>\n<a class=\"btn btn-secondary btn-xl text-mh-green mx-auto my-5 no-underline fs-1\" role=\"button\" href=\"https:\/\/massagehouse.hu\/en\/erotic-masseuses\/\">Show all masseuses<\/a><\/div>\n<\/div>\n<p><!-- SIDEBAR STRAT --><\/p>\n<div class=\"col-md-4 col-lg-3 d-none d-md-block d-lg-none\">\r\n<br \/>\n<!-- INNENT\u0150L -->\r\n\r\n<div class=\"row\">\r\n\t<div class=\"col-auto text-center ml-auto mr-auto pr-5px pl-5px mb-2 mh-girl-container\">\r\n\t\t<div class=\"ml-1 mr-1\">\r\n\t\t\t<a class=\"text-reset\" href=\"https:\/\/massagehouse.hu\/en\/erotic-masseuses\/berni\/\" title=\"Four-Hand Massage by Masseuses in an Elegant Massage House in Budapest\">\r\n\t\t\t\t<picture>\r\n\t\t<!-- ITT K\u00c9NE KEZD\u0150DJ\u00d6N A PICTURE -->\r\n\t\t\t\t\t<source srcset=\"https:\/\/massagehouse.hu\/en\/galleries\/homepage\/150x225\/berni-sexy-petite-masseuse-erotic-sensual-tantric-massage-bomb-butt-05.webp 1x, https:\/\/massagehouse.hu\/en\/galleries\/homepage\/300x450\/berni-sexy-petite-masseuse-erotic-sensual-tantric-massage-bomb-butt-05.webp 2x\" type=\"image\/webp\" \/>\r\n\t\t\t\t\t<source srcset=\"https:\/\/massagehouse.hu\/en\/galleries\/homepage\/150x225\/berni-sexy-petite-masseuse-erotic-sensual-tantric-massage-bomb-butt-05.jpg 1x, https:\/\/massagehouse.hu\/en\/galleries\/homepage\/300x450\/berni-sexy-petite-masseuse-erotic-sensual-tantric-massage-bomb-butt-05.jpg 2x\" type=\"image\/jpg\"\/>\r\n\t\t\t\t\t\r\n\t\t\t\t\t<img decoding=\"async\"  fetchpriority=\"high\" class=\"img-fluid\" \r\n\t\t               src=\"https:\/\/massagehouse.hu\/en\/galleries\/homepage\/150x225\/berni-sexy-petite-masseuse-erotic-sensual-tantric-massage-bomb-butt-05.jpg\" \r\n\t\t                srcset=\"https:\/\/massagehouse.hu\/en\/galleries\/homepage\/150x225\/berni-sexy-petite-masseuse-erotic-sensual-tantric-massage-bomb-butt-05.jpg 1x, https:\/\/massagehouse.hu\/en\/galleries\/homepage\/300x450\/berni-sexy-petite-masseuse-erotic-sensual-tantric-massage-bomb-butt-05.jpg 2x\"\r\n\t\t                alt=\"Two charming girls give a four-hand massage in a luxury Budapest salon.\" title=\"Four-Hand Massage by Masseuses in an Elegant Massage House in Budapest\"  \/>\r\n\t\t\t\t<\/picture>     \r\n\t\t\t \r\n\t\t\t<\/a>\r\n\t\t<div class=\"bg-dark pt-1 pb-1 mb-0\">\r\n\t\t\t<h5 class=\"text-uppercase mb-0\"><a class=\"text-reset\" href=\"https:\/\/massagehouse.hu\/en\/erotic-masseuses\/berni\/\" title=\"Four-Hand Massage by Masseuses in an Elegant Massage House in Budapest\" ><span>BERNI<\/span><\/a><\/h5>\r\n\t\t<\/div>\r\n\t\t<\/div>\r\n\t<\/div>\r\n<\/div>\r\n<!-- ID\u00c1IG -->\r\n\r\n\r\n\r\n<br \/>\n<!-- INNENT\u0150L -->\r\n\r\n<div class=\"row\">\r\n\t<div class=\"col-auto text-center ml-auto mr-auto pr-5px pl-5px mb-2 mh-girl-container\">\r\n\t\t<div class=\"ml-1 mr-1\">\r\n\t\t\t<a class=\"text-reset\" href=\"https:\/\/massagehouse.hu\/en\/erotic-masseuses\/kira\/\" title=\"Luxury erotic massage salon in Budapest.\">\r\n\t\t\t\t<picture>\r\n\t\t<!-- ITT K\u00c9NE KEZD\u0150DJ\u00d6N A PICTURE -->\r\n\t\t\t\t\t<source srcset=\"https:\/\/massagehouse.hu\/en\/galleries\/homepage\/150x225\/kira-massage-house-3.webp 1x, https:\/\/massagehouse.hu\/en\/galleries\/homepage\/300x450\/kira-massage-house-3.webp 2x\" type=\"image\/webp\" \/>\r\n\t\t\t\t\t<source srcset=\"https:\/\/massagehouse.hu\/en\/galleries\/homepage\/150x225\/kira-massage-house-3.jpg 1x, https:\/\/massagehouse.hu\/en\/galleries\/homepage\/300x450\/kira-massage-house-3.jpg 2x\" type=\"image\/jpg\"\/>\r\n\t\t\t\t\t\r\n\t\t\t\t\t<img decoding=\"async\"  fetchpriority=\"high\" class=\"img-fluid\" \r\n\t\t               src=\"https:\/\/massagehouse.hu\/en\/galleries\/homepage\/150x225\/kira-massage-house-3.jpg\" \r\n\t\t                srcset=\"https:\/\/massagehouse.hu\/en\/galleries\/homepage\/150x225\/kira-massage-house-3.jpg 1x, https:\/\/massagehouse.hu\/en\/galleries\/homepage\/300x450\/kira-massage-house-3.jpg 2x\"\r\n\t\t                alt=\"Erotic massage in the downtown,\" title=\"Luxury erotic massage salon in Budapest.\"  \/>\r\n\t\t\t\t<\/picture>     \r\n\t\t\t \r\n\t\t\t<\/a>\r\n\t\t<div class=\"bg-dark pt-1 pb-1 mb-0\">\r\n\t\t\t<h5 class=\"text-uppercase mb-0\"><a class=\"text-reset\" href=\"https:\/\/massagehouse.hu\/en\/erotic-masseuses\/kira\/\" title=\"Luxury erotic massage salon in Budapest.\" ><span>KIRA<\/span><\/a><\/h5>\r\n\t\t<\/div>\r\n\t\t<\/div>\r\n\t<\/div>\r\n<\/div>\r\n<!-- ID\u00c1IG -->\r\n\r\n\r\n\r\n<br \/>\n<!-- INNENT\u0150L -->\r\n\r\n<div class=\"row\">\r\n\t<div class=\"col-auto text-center ml-auto mr-auto pr-5px pl-5px mb-2 mh-girl-container\">\r\n\t\t<div class=\"ml-1 mr-1\">\r\n\t\t\t<a class=\"text-reset\" href=\"https:\/\/massagehouse.hu\/en\/erotic-masseuses\/ariana\/\" title=\"Soft Touches \u2013 Erotic Massage at Massage House\">\r\n\t\t\t\t<picture>\r\n\t\t<!-- ITT K\u00c9NE KEZD\u0150DJ\u00d6N A PICTURE -->\r\n\t\t\t\t\t<source srcset=\"https:\/\/massagehouse.hu\/en\/galleries\/homepage\/150x225\/ariana-happy-nice-sexy-certifitied-erotic-masseuse-1.webp 1x, https:\/\/massagehouse.hu\/en\/galleries\/homepage\/300x450\/ariana-happy-nice-sexy-certifitied-erotic-masseuse-1.webp 2x\" type=\"image\/webp\" \/>\r\n\t\t\t\t\t<source srcset=\"https:\/\/massagehouse.hu\/en\/galleries\/homepage\/150x225\/ariana-happy-nice-sexy-certifitied-erotic-masseuse-1.jpg 1x, https:\/\/massagehouse.hu\/en\/galleries\/homepage\/300x450\/ariana-happy-nice-sexy-certifitied-erotic-masseuse-1.jpg 2x\" type=\"image\/jpg\"\/>\r\n\t\t\t\t\t\r\n\t\t\t\t\t<img decoding=\"async\"  fetchpriority=\"high\" class=\"img-fluid\" \r\n\t\t               src=\"https:\/\/massagehouse.hu\/en\/galleries\/homepage\/150x225\/ariana-happy-nice-sexy-certifitied-erotic-masseuse-1.jpg\" \r\n\t\t                srcset=\"https:\/\/massagehouse.hu\/en\/galleries\/homepage\/150x225\/ariana-happy-nice-sexy-certifitied-erotic-masseuse-1.jpg 1x, https:\/\/massagehouse.hu\/en\/galleries\/homepage\/300x450\/ariana-happy-nice-sexy-certifitied-erotic-masseuse-1.jpg 2x\"\r\n\t\t                alt=\"Masseuse caressing with soft touches during an erotic massage.\" title=\"Soft Touches \u2013 Erotic Massage at Massage House\"  \/>\r\n\t\t\t\t<\/picture>     \r\n\t\t\t \r\n\t\t\t<\/a>\r\n\t\t<div class=\"bg-dark pt-1 pb-1 mb-0\">\r\n\t\t\t<h5 class=\"text-uppercase mb-0\"><a class=\"text-reset\" href=\"https:\/\/massagehouse.hu\/en\/erotic-masseuses\/ariana\/\" title=\"Soft Touches \u2013 Erotic Massage at Massage House\" ><span>ARIANA<\/span><\/a><\/h5>\r\n\t\t<\/div>\r\n\t\t<\/div>\r\n\t<\/div>\r\n<\/div>\r\n<!-- ID\u00c1IG -->\r\n\r\n\r\n\r\n<\/div>\n<div class=\"col-lg-4 d-none d-lg-block\">\t<div class=\"row\">\r\n<div class=\"col-auto text-center ml-auto mr-auto pr-5px pl-5px mb-15px mh-girl-container\" itemscope itemtype=\"https:\/\/schema.org\/Product\">\r\n\t<a class=\"text-reset mh-hover-info-container position-relative overflow-hidden d-block\" href=\"https:\/\/massagehouse.hu\/en\/erotic-masseuses\/vanessa\/\" title=\"Sexy, brunette, erotic masseuse in Budapest - Vanessa\" itemprop=\"url\">\r\n\t\t<picture>\r\n\r\n\t\t\t<source srcset=\"https:\/\/massagehouse.hu\/en\/galleries\/homepage\/300x450\/vanessa-sexy-hungarian-masseuse-sensual-tantric-massage-1.webp 1x, https:\/\/massagehouse.hu\/en\/galleries\/homepage\/600x900\/vanessa-sexy-hungarian-masseuse-sensual-tantric-massage-1.webp 2x\" type=\"image\/webp\" media=\"(max-width: 358px)\" \/>\r\n\t\t\t<source srcset=\"https:\/\/massagehouse.hu\/en\/galleries\/homepage\/300x450\/vanessa-sexy-hungarian-masseuse-sensual-tantric-massage-1.jpg 1x, https:\/\/massagehouse.hu\/en\/galleries\/homepage\/600x900\/vanessa-sexy-hungarian-masseuse-sensual-tantric-massage-1.jpg 2x\" type=\"image\/jpg\" media=\"(max-width: 358px)\"\/> \r\n\r\n\t\t\t<source srcset=\"https:\/\/massagehouse.hu\/en\/galleries\/homepage\/338x506\/vanessa-sexy-hungarian-masseuse-sensual-tantric-massage-1.webp 1x, https:\/\/massagehouse.hu\/en\/galleries\/homepage\/676x1012\/vanessa-sexy-hungarian-masseuse-sensual-tantric-massage-1.webp 2x, https:\/\/massagehouse.hu\/en\/galleries\/homepage\/1014x1518\/vanessa-sexy-hungarian-masseuse-sensual-tantric-massage-1.webp 3x\" type=\"image\/webp\" media=\"(min-width: 359px)\" \/>\r\n\t\t\t<source srcset=\"https:\/\/massagehouse.hu\/en\/galleries\/homepage\/338x506\/vanessa-sexy-hungarian-masseuse-sensual-tantric-massage-1.jpg 1x, https:\/\/massagehouse.hu\/en\/galleries\/homepage\/676x1012\/vanessa-sexy-hungarian-masseuse-sensual-tantric-massage-1.jpg 2x, https:\/\/massagehouse.hu\/en\/galleries\/homepage\/1014x1518\/vanessa-sexy-hungarian-masseuse-sensual-tantric-massage-1.jpg 3x\" type=\"image\/jpg\" media=\"(min-width: 359px)\"\/>\r\n\r\n\t\t\t<source srcset=\"https:\/\/massagehouse.hu\/en\/galleries\/homepage\/240x360\/vanessa-sexy-hungarian-masseuse-sensual-tantric-massage-1.webp 1x, https:\/\/massagehouse.hu\/en\/galleries\/homepage\/480x720\/vanessa-sexy-hungarian-masseuse-sensual-tantric-massage-1.webp 2x\" type=\"image\/webp\" media=\"(min-width: 768px)\" \/>\r\n\t\t\t<source srcset=\"https:\/\/massagehouse.hu\/en\/galleries\/homepage\/240x360\/vanessa-sexy-hungarian-masseuse-sensual-tantric-massage-1.jpg 1x, https:\/\/massagehouse.hu\/en\/galleries\/homepage\/480x720\/vanessa-sexy-hungarian-masseuse-sensual-tantric-massage-1.jpg 2x\" type=\"image\/jpg\" media=\"(min-width: 768px)\"\/>\r\n\r\n\t\t\t<source srcset=\"https:\/\/massagehouse.hu\/en\/galleries\/homepage\/338x506\/vanessa-sexy-hungarian-masseuse-sensual-tantric-massage-1.webp 1x, https:\/\/massagehouse.hu\/en\/galleries\/homepage\/676x1012\/vanessa-sexy-hungarian-masseuse-sensual-tantric-massage-1.webp 2x\" type=\"image\/webp\" media=\"(min-width: 1055px)\" \/>\r\n\t\t\t<source srcset=\"https:\/\/massagehouse.hu\/en\/galleries\/homepage\/338x506\/vanessa-sexy-hungarian-masseuse-sensual-tantric-massage-1.jpg 1x, https:\/\/massagehouse.hu\/en\/galleries\/homepage\/676x1012\/vanessa-sexy-hungarian-masseuse-sensual-tantric-massage-1.jpg 2x\" type=\"image\/jpg\" media=\"(min-width: 1055px)\"\/>\r\n\r\n\t\t\t<source srcset=\"https:\/\/massagehouse.hu\/en\/galleries\/homepage\/338x506\/vanessa-sexy-hungarian-masseuse-sensual-tantric-massage-1.webp 1x, https:\/\/massagehouse.hu\/en\/galleries\/homepage\/676x1012\/vanessa-sexy-hungarian-masseuse-sensual-tantric-massage-1.webp 2x\" type=\"image\/webp\" media=\"(min-width: 1400px)\" \/>\r\n\t\t\t<source srcset=\"https:\/\/massagehouse.hu\/en\/galleries\/homepage\/338x506\/vanessa-sexy-hungarian-masseuse-sensual-tantric-massage-1.jpg 1x, https:\/\/massagehouse.hu\/en\/galleries\/homepage\/676x1012\/vanessa-sexy-hungarian-masseuse-sensual-tantric-massage-1.jpg 2x\" type=\"image\/jpg\" media=\"(min-width: 1400px)\"\/>\r\n\t\t\t\r\n\t\t\t<img decoding=\"async\"  fetchpriority=\"high\" class=\"img-fluid girl-placeholder\" \r\n                src=\"https:\/\/massagehouse.hu\/en\/galleries\/homepage\/300x450\/vanessa-sexy-hungarian-masseuse-sensual-tantric-massage-1.jpg\" \r\n                srcset=\"https:\/\/massagehouse.hu\/en\/galleries\/homepage\/300x450\/vanessa-sexy-hungarian-masseuse-sensual-tantric-massage-1.jpg 1x, https:\/\/massagehouse.hu\/en\/galleries\/homepage\/600x900\/vanessa-sexy-hungarian-masseuse-sensual-tantric-massage-1.jpg 2x\"\r\n                alt=\"Sexy, brunette masseuse\" title=\"Sexy, brunette, erotic masseuse in Budapest - Vanessa\"  \/>\r\n\t\t<\/picture>     \r\n\t\t<div class=\"d-none d-lg-block mh-hover-info text-left position-absolute w-100 h-100\">\r\n\t\t\t\r\n\t\t\t<div class=\"d-flex flex-row justify-content-center mb-2 mh-star-rating\"><div class=\"star full-star\"><\/div>\r\n<div class=\"star full-star\"><\/div>\r\n<div class=\"star full-star\"><\/div>\r\n<div class=\"star full-star\"><\/div>\r\n<div class=\"star full-star\"><\/div><\/div>\r\n\t\t\t<p class=\"text-center font-weight-bold h5\" itemprop=\"aggregateRating\" itemscope itemtype=\"https:\/\/schema.org\/AggregateRating\"><span itemprop=\"ratingValue\">4.9<\/span> - <span itemprop=\"reviewCount\">51<\/span> \u00e9rt\u00e9kel\u00e9s alapj\u00e1n<\/p>\r\n\t\t\t<ul class=\"list-unstyled ml-3 mr-3\">\r\n\t\t\t\t<li class=\"d-block float-left w-100 border-bottom mb-3 font-weight-bold\">Kor: <span class=\"float-right font-weight-normal\">29<\/span><\/li>\r\n\t\t\t\t<li class=\"d-block float-left w-100 border-bottom mb-3 font-weight-bold\">Magass\u00e1g: <span class=\"float-right font-weight-normal\" itemprop=\"height\">164 cm<\/span><\/li>\r\n\t\t\t\t<li class=\"d-block float-left w-100 border-bottom mb-3 font-weight-bold\">S\u00faly: <span class=\"float-right font-weight-normal\" itemprop=\"weight\">57 kg<\/span><\/li>\r\n\t\t\t\t<li class=\"d-block float-left w-100 border-bottom font-weight-bold\">Angol: <span class=\"float-right font-weight-normal\">10\/10<\/span><\/li>\r\n\t\t\t<\/ul>\r\n\t\t\t\r\n\t\t\t<table class=\"table table-borderless text-white\">\r\n\t\t\t\t<tbody>\r\n\t\t\t\t\t<tr class=\"massage-gallery-info-mark\">\r\n\t\t\t\t\t\t<td colspan=\"2\" class=\"text-center border-bottom-0 pb-0\">\r\n\t\t\t\t\t\t\t<strong>V\u00e1llalt programok:<\/strong>\r\n\t\t\t\t\t\t<\/td>   \r\n\t\t\t\t\t<\/tr>\r\n\t\t\t\t\t<tr>\r\n\t\t\t\t\t\t<td colspan=\"2\" class=\"p-0\">\r\n\t\t\t\t\t\t\t<table class=\"text-center table-borderless table table-sm mb-0\">\r\n\t\t\t\t\t\t\t\t<tbody>\r\n\t\t\t\t\t\t\t\t\t<tr>\r\n\t\t\t\t\t\t\t\t\t\t<td class=\"p-0\">\r\n\t\t\t\t\t\t\t\t\t\t\t\t<div class=\"egy-masszoz\"><\/div>\r\n\t\t\t\t\t\t\t\t\t\t<\/td>\r\n\t\t\t\t\t\t\t\t\t\t<td class=\"p-0\">\r\n\t\t\t\t\t\t\t\t\t\t\t\t<div class=\"ket-masszoz\"><\/div>\r\n\t\t\t\t\t\t\t\t\t\t<\/td>\r\n\t\t\t\t\t\t\t\t\t\t<td class=\"p-0\">\r\n\t\t\t\t\t\t\t\t\t\t\t\t<div class=\"parok-egy-masszoz\"><\/div>\r\n\t\t\t\t\t\t\t\t\t\t<\/td>\r\n\t\t\t\t\t\t\t\t\t\t<td class=\"p-0\">\r\n\t\t\t\t\t\t\t\t\t\t\t\t<div class=\"parok-ket-masszoz\"><\/div>\r\n\t\t\t\t\t\t\t\t\t\t<\/td>\r\n\t\t\t\t\t\t\t\t\t\t<td class=\"p-0\">\r\n                                                <div class=\"joni-masszazs\"><\/div>\r\n\t\t\t\t\t\t\t\t\t\t<\/td>\r\n\t\t\t\t\t\t\t\t\t<\/tr>\r\n\t\t\t\t\t\t\t\t\t<tr class=\"pb-1\">\r\n\t\t\t\t\t\t\t\t\t\t<td class=\"p-0 pb-2\">\r\n\t\t\t\t\t\t\t\t\t\t\t<div class=\"elerheto-program\"><\/div>\r\n\t\t\t\t\t\t\t\t\t\t<\/td>\r\n\t\t\t\t\t\t\t\t\t\t<td class=\"p-0 pb-2\">\r\n\t\t\t\t\t\t\t\t\t\t\t<div class=\"nem-elerheto-program\"><\/div>\r\n\t\t\t\t\t\t\t\t\t\t<\/td>\r\n\t\t\t\t\t\t\t\t\t\t<td class=\"p-0 pb-2\">\r\n\t\t\t\t\t\t\t\t\t\t\t<div class=\"nem-elerheto-program\"><\/div>\r\n\t\t\t\t\t\t\t\t\t\t<\/td>\r\n\t\t\t\t\t\t\t\t\t\t<td class=\"p-0 pb-2\">\r\n\t\t\t\t\t\t\t\t\t\t\t<div class=\"nem-elerheto-program\"><\/div>\r\n\t\t\t\t\t\t\t\t\t\t<\/td>\r\n\t\t\t\t\t\t\t\t\t\t<td class=\"p-0 pb-2\">\r\n\t\t\t\t\t\t\t\t\t\t\t<div class=\"nem-elerheto-program\"><\/div>\r\n\t\t\t\t\t\t\t\t\t\t<\/td>\r\n\t\t\t\t\t\t\t\t\t<\/tr>\r\n\t\t\t\t\t\t\t\t<\/tbody>\r\n\t\t\t\t\t\t\t<\/table>\r\n\t\t\t\t\t\t<\/td>\r\n\t\t\t\t\t<\/tr>\r\n\t\t\t\t<\/tbody>\r\n\t\t\t<\/table>\r\n\t\t<\/div>\r\n\t\t \r\n\t<\/a>\r\n\t<h2 class=\"text-uppercase bg-dark pt-2 pb-2 h4 font-weight-bold\"><a class=\"text-reset\" href=\"https:\/\/massagehouse.hu\/en\/erotic-masseuses\/vanessa\/\" title=\"Sexy, brunette, erotic masseuse in Budapest - Vanessa\" ><span itemprop=\"name\">VANESSA<\/span><\/a><\/h2>\r\n<\/div>\r\n<\/div>\r\n<\/div>\n<\/div>\n<p><!-- row lez\u00e1r\u00e1sa --><\/p>\n<\/div>\n<p><!-- container lez\u00e1r\u00e1sa --><\/p>\n","protected":false},"excerpt":{"rendered":"<p>COVID-19 INFO: IGEN, NYITVA VAGYUNK! A jelenlegi korl\u00e1toz\u00e1sok ideje alatt is nyitva tartunk minden nap. Sarah Sarah&#8217;s erotic massage Looking for Sarah? Unfortunately, she is no longer available. However, it\u2019s worth looking around among our current masseuses to see if you can find someone else you like. Show all masseuses<\/p>\n","protected":false},"author":2,"featured_media":0,"parent":8,"menu_order":0,"comment_status":"closed","ping_status":"closed","template":"","meta":{"footnotes":""},"class_list":["post-13535","page","type-page","status-publish","hentry"],"_links":{"self":[{"href":"https:\/\/massagehouse.hu\/en\/wp-json\/wp\/v2\/pages\/13535","targetHints":{"allow":["GET"]}}],"collection":[{"href":"https:\/\/massagehouse.hu\/en\/wp-json\/wp\/v2\/pages"}],"about":[{"href":"https:\/\/massagehouse.hu\/en\/wp-json\/wp\/v2\/types\/page"}],"author":[{"embeddable":true,"href":"https:\/\/massagehouse.hu\/en\/wp-json\/wp\/v2\/users\/2"}],"replies":[{"embeddable":true,"href":"https:\/\/massagehouse.hu\/en\/wp-json\/wp\/v2\/comments?post=13535"}],"version-history":[{"count":3,"href":"https:\/\/massagehouse.hu\/en\/wp-json\/wp\/v2\/pages\/13535\/revisions"}],"predecessor-version":[{"id":13567,"href":"https:\/\/massagehouse.hu\/en\/wp-json\/wp\/v2\/pages\/13535\/revisions\/13567"}],"up":[{"embeddable":true,"href":"https:\/\/massagehouse.hu\/en\/wp-json\/wp\/v2\/pages\/8"}],"wp:attachment":[{"href":"https:\/\/massagehouse.hu\/en\/wp-json\/wp\/v2\/media?parent=13535"}],"curies":[{"name":"wp","href":"https:\/\/api.w.org\/{rel}","templated":true}]}}